{"id":5186,"date":"2025-11-06T22:16:18","date_gmt":"2025-11-06T19:16:18","guid":{"rendered":"https:\/\/test.lavitalpetfood.com\/?post_type=product&#038;p=5186"},"modified":"2026-01-13T16:31:20","modified_gmt":"2026-01-13T13:31:20","slug":"grain-free-neutered-cat-food-neutered-pate-salmon","status":"publish","type":"product","link":"https:\/\/lavitalpetfood.com\/en\/urun\/tahilsiz-kisirlastirilmis-yas-kedi-mamasi-neutered-ezme-somonlu\/","title":{"rendered":"LaVital Grain-Free Sterilised Wet Cat Food (Neutered) Salmon Mousse 400 GR"},"content":{"rendered":"","protected":false},"excerpt":{"rendered":"<p><strong>400 G<\/strong><\/p>","protected":false},"featured_media":4465,"template":"","meta":{"_acf_changed":false},"product_brand":[],"product_cat":[117,132],"product_tag":[],"class_list":{"0":"post-5186","1":"product","2":"type-product","3":"status-publish","4":"has-post-thumbnail","6":"product_cat-yas-kedi-mamasi","7":"product_cat-yetiskin","9":"first","10":"instock","11":"shipping-taxable","12":"product-type-simple"},"acf":[],"yoast_head":"<!-- This site is optimized with the Yoast SEO plugin v27.4 - https:\/\/yoast.com\/product\/yoast-seo-wordpress\/ -->\n<title>LaVital Tah\u0131ls\u0131z K\u0131s\u0131rla\u015ft\u0131r\u0131lm\u0131\u015f Ya\u015f Kedi Mamas\u0131 (Neutered) Ezme Somonlu 400GR - LaVital<\/title>\n<meta name=\"robots\" content=\"index, follow, max-snippet:-1, max-image-preview:large, max-video-preview:-1\" \/>\n<link rel=\"canonical\" href=\"https:\/\/lavitalpetfood.com\/en\/product\/grain-free-neutered-cat-food-neutered-pate-salmon\/\" \/>\n<meta property=\"og:locale\" content=\"en_US\" \/>\n<meta property=\"og:type\" content=\"article\" \/>\n<meta property=\"og:title\" content=\"LaVital Tah\u0131ls\u0131z K\u0131s\u0131rla\u015ft\u0131r\u0131lm\u0131\u015f Ya\u015f Kedi Mamas\u0131 (Neutered) Ezme Somonlu 400GR - LaVital\" \/>\n<meta property=\"og:description\" content=\"400 G\" \/>\n<meta property=\"og:url\" content=\"https:\/\/lavitalpetfood.com\/en\/product\/grain-free-neutered-cat-food-neutered-pate-salmon\/\" \/>\n<meta property=\"og:site_name\" content=\"LaVital\" \/>\n<meta property=\"article:modified_time\" content=\"2026-01-13T13:31:20+00:00\" \/>\n<meta property=\"og:image\" content=\"https:\/\/lavitalpetfood.com\/wp-content\/uploads\/2025\/10\/kisirlastirilmis-kediler-icin-somon-etli-pure.png\" \/>\n\t<meta property=\"og:image:width\" content=\"1000\" \/>\n\t<meta property=\"og:image:height\" content=\"1000\" \/>\n\t<meta property=\"og:image:type\" content=\"image\/png\" \/>\n<meta name=\"twitter:card\" content=\"summary_large_image\" \/>\n<script type=\"application\/ld+json\" class=\"yoast-schema-graph\">{\"@context\":\"https:\\\/\\\/schema.org\",\"@graph\":[{\"@type\":\"WebPage\",\"@id\":\"https:\\\/\\\/lavitalpetfood.com\\\/urun\\\/tahilsiz-kisirlastirilmis-yas-kedi-mamasi-neutered-ezme-somonlu\\\/\",\"url\":\"https:\\\/\\\/lavitalpetfood.com\\\/urun\\\/tahilsiz-kisirlastirilmis-yas-kedi-mamasi-neutered-ezme-somonlu\\\/\",\"name\":\"LaVital Tah\u0131ls\u0131z K\u0131s\u0131rla\u015ft\u0131r\u0131lm\u0131\u015f Ya\u015f Kedi Mamas\u0131 (Neutered) Ezme Somonlu 400GR - LaVital\",\"isPartOf\":{\"@id\":\"https:\\\/\\\/lavitalpetfood.com\\\/#website\"},\"primaryImageOfPage\":{\"@id\":\"https:\\\/\\\/lavitalpetfood.com\\\/urun\\\/tahilsiz-kisirlastirilmis-yas-kedi-mamasi-neutered-ezme-somonlu\\\/#primaryimage\"},\"image\":{\"@id\":\"https:\\\/\\\/lavitalpetfood.com\\\/urun\\\/tahilsiz-kisirlastirilmis-yas-kedi-mamasi-neutered-ezme-somonlu\\\/#primaryimage\"},\"thumbnailUrl\":\"https:\\\/\\\/lavitalpetfood.com\\\/wp-content\\\/uploads\\\/2025\\\/10\\\/kisirlastirilmis-kediler-icin-somon-etli-pure.png\",\"datePublished\":\"2025-11-06T19:16:18+00:00\",\"dateModified\":\"2026-01-13T13:31:20+00:00\",\"breadcrumb\":{\"@id\":\"https:\\\/\\\/lavitalpetfood.com\\\/urun\\\/tahilsiz-kisirlastirilmis-yas-kedi-mamasi-neutered-ezme-somonlu\\\/#breadcrumb\"},\"inLanguage\":\"en-US\",\"potentialAction\":[{\"@type\":\"ReadAction\",\"target\":[\"https:\\\/\\\/lavitalpetfood.com\\\/urun\\\/tahilsiz-kisirlastirilmis-yas-kedi-mamasi-neutered-ezme-somonlu\\\/\"]}]},{\"@type\":\"ImageObject\",\"inLanguage\":\"en-US\",\"@id\":\"https:\\\/\\\/lavitalpetfood.com\\\/urun\\\/tahilsiz-kisirlastirilmis-yas-kedi-mamasi-neutered-ezme-somonlu\\\/#primaryimage\",\"url\":\"https:\\\/\\\/lavitalpetfood.com\\\/wp-content\\\/uploads\\\/2025\\\/10\\\/kisirlastirilmis-kediler-icin-somon-etli-pure.png\",\"contentUrl\":\"https:\\\/\\\/lavitalpetfood.com\\\/wp-content\\\/uploads\\\/2025\\\/10\\\/kisirlastirilmis-kediler-icin-somon-etli-pure.png\",\"width\":1000,\"height\":1000},{\"@type\":\"BreadcrumbList\",\"@id\":\"https:\\\/\\\/lavitalpetfood.com\\\/urun\\\/tahilsiz-kisirlastirilmis-yas-kedi-mamasi-neutered-ezme-somonlu\\\/#breadcrumb\",\"itemListElement\":[{\"@type\":\"ListItem\",\"position\":1,\"name\":\"Anasayfa\",\"item\":\"https:\\\/\\\/lavitalpetfood.com\\\/\"},{\"@type\":\"ListItem\",\"position\":2,\"name\":\"\u00dcr\u00fcnler\",\"item\":\"https:\\\/\\\/lavitalpetfood.com\\\/urunler\\\/\"},{\"@type\":\"ListItem\",\"position\":3,\"name\":\"LaVital Tah\u0131ls\u0131z K\u0131s\u0131rla\u015ft\u0131r\u0131lm\u0131\u015f Ya\u015f Kedi Mamas\u0131 (Neutered) Ezme Somonlu 400GR\"}]},{\"@type\":\"WebSite\",\"@id\":\"https:\\\/\\\/lavitalpetfood.com\\\/#website\",\"url\":\"https:\\\/\\\/lavitalpetfood.com\\\/\",\"name\":\"LaVital\",\"description\":\"Nutrition for Lifetime\",\"publisher\":{\"@id\":\"https:\\\/\\\/lavitalpetfood.com\\\/#organization\"},\"potentialAction\":[{\"@type\":\"SearchAction\",\"target\":{\"@type\":\"EntryPoint\",\"urlTemplate\":\"https:\\\/\\\/lavitalpetfood.com\\\/?s={search_term_string}\"},\"query-input\":{\"@type\":\"PropertyValueSpecification\",\"valueRequired\":true,\"valueName\":\"search_term_string\"}}],\"inLanguage\":\"en-US\"},{\"@type\":\"Organization\",\"@id\":\"https:\\\/\\\/lavitalpetfood.com\\\/#organization\",\"name\":\"LaVital\",\"url\":\"https:\\\/\\\/lavitalpetfood.com\\\/\",\"logo\":{\"@type\":\"ImageObject\",\"inLanguage\":\"en-US\",\"@id\":\"https:\\\/\\\/lavitalpetfood.com\\\/#\\\/schema\\\/logo\\\/image\\\/\",\"url\":\"https:\\\/\\\/lavitalpetfood.com\\\/wp-content\\\/uploads\\\/2025\\\/10\\\/Lavital-33x150-1.png\",\"contentUrl\":\"https:\\\/\\\/lavitalpetfood.com\\\/wp-content\\\/uploads\\\/2025\\\/10\\\/Lavital-33x150-1.png\",\"width\":111,\"height\":33,\"caption\":\"LaVital\"},\"image\":{\"@id\":\"https:\\\/\\\/lavitalpetfood.com\\\/#\\\/schema\\\/logo\\\/image\\\/\"},\"sameAs\":[\"https:\\\/\\\/www.instagram.com\\\/lavitalturkiye\"]}]}<\/script>\n<!-- \/ Yoast SEO plugin. -->","yoast_head_json":{"title":"LaVital Grain Free Neutered Wet Cat Food (Neutered) Pate Salmon 400GR - LaVital","robots":{"index":"index","follow":"follow","max-snippet":"max-snippet:-1","max-image-preview":"max-image-preview:large","max-video-preview":"max-video-preview:-1"},"canonical":"https:\/\/lavitalpetfood.com\/en\/product\/grain-free-neutered-cat-food-neutered-pate-salmon\/","og_locale":"en_US","og_type":"article","og_title":"LaVital Tah\u0131ls\u0131z K\u0131s\u0131rla\u015ft\u0131r\u0131lm\u0131\u015f Ya\u015f Kedi Mamas\u0131 (Neutered) Ezme Somonlu 400GR - LaVital","og_description":"400 G","og_url":"https:\/\/lavitalpetfood.com\/en\/product\/grain-free-neutered-cat-food-neutered-pate-salmon\/","og_site_name":"LaVital","article_modified_time":"2026-01-13T13:31:20+00:00","og_image":[{"width":1000,"height":1000,"url":"https:\/\/lavitalpetfood.com\/wp-content\/uploads\/2025\/10\/kisirlastirilmis-kediler-icin-somon-etli-pure.png","type":"image\/png"}],"twitter_card":"summary_large_image","schema":{"@context":"https:\/\/schema.org","@graph":[{"@type":"WebPage","@id":"https:\/\/lavitalpetfood.com\/urun\/tahilsiz-kisirlastirilmis-yas-kedi-mamasi-neutered-ezme-somonlu\/","url":"https:\/\/lavitalpetfood.com\/urun\/tahilsiz-kisirlastirilmis-yas-kedi-mamasi-neutered-ezme-somonlu\/","name":"LaVital Grain Free Neutered Wet Cat Food (Neutered) Pate Salmon 400GR - LaVital","isPartOf":{"@id":"https:\/\/lavitalpetfood.com\/#website"},"primaryImageOfPage":{"@id":"https:\/\/lavitalpetfood.com\/urun\/tahilsiz-kisirlastirilmis-yas-kedi-mamasi-neutered-ezme-somonlu\/#primaryimage"},"image":{"@id":"https:\/\/lavitalpetfood.com\/urun\/tahilsiz-kisirlastirilmis-yas-kedi-mamasi-neutered-ezme-somonlu\/#primaryimage"},"thumbnailUrl":"https:\/\/lavitalpetfood.com\/wp-content\/uploads\/2025\/10\/kisirlastirilmis-kediler-icin-somon-etli-pure.png","datePublished":"2025-11-06T19:16:18+00:00","dateModified":"2026-01-13T13:31:20+00:00","breadcrumb":{"@id":"https:\/\/lavitalpetfood.com\/urun\/tahilsiz-kisirlastirilmis-yas-kedi-mamasi-neutered-ezme-somonlu\/#breadcrumb"},"inLanguage":"en-US","potentialAction":[{"@type":"ReadAction","target":["https:\/\/lavitalpetfood.com\/urun\/tahilsiz-kisirlastirilmis-yas-kedi-mamasi-neutered-ezme-somonlu\/"]}]},{"@type":"ImageObject","inLanguage":"en-US","@id":"https:\/\/lavitalpetfood.com\/urun\/tahilsiz-kisirlastirilmis-yas-kedi-mamasi-neutered-ezme-somonlu\/#primaryimage","url":"https:\/\/lavitalpetfood.com\/wp-content\/uploads\/2025\/10\/kisirlastirilmis-kediler-icin-somon-etli-pure.png","contentUrl":"https:\/\/lavitalpetfood.com\/wp-content\/uploads\/2025\/10\/kisirlastirilmis-kediler-icin-somon-etli-pure.png","width":1000,"height":1000},{"@type":"BreadcrumbList","@id":"https:\/\/lavitalpetfood.com\/urun\/tahilsiz-kisirlastirilmis-yas-kedi-mamasi-neutered-ezme-somonlu\/#breadcrumb","itemListElement":[{"@type":"ListItem","position":1,"name":"Anasayfa","item":"https:\/\/lavitalpetfood.com\/"},{"@type":"ListItem","position":2,"name":"\u00dcr\u00fcnler","item":"https:\/\/lavitalpetfood.com\/urunler\/"},{"@type":"ListItem","position":3,"name":"LaVital Tah\u0131ls\u0131z K\u0131s\u0131rla\u015ft\u0131r\u0131lm\u0131\u015f Ya\u015f Kedi Mamas\u0131 (Neutered) Ezme Somonlu 400GR"}]},{"@type":"WebSite","@id":"https:\/\/lavitalpetfood.com\/#website","url":"https:\/\/lavitalpetfood.com\/","name":"LaVital","description":"Nutrition for Lifetime","publisher":{"@id":"https:\/\/lavitalpetfood.com\/#organization"},"potentialAction":[{"@type":"SearchAction","target":{"@type":"EntryPoint","urlTemplate":"https:\/\/lavitalpetfood.com\/?s={search_term_string}"},"query-input":{"@type":"PropertyValueSpecification","valueRequired":true,"valueName":"search_term_string"}}],"inLanguage":"en-US"},{"@type":"Organization","@id":"https:\/\/lavitalpetfood.com\/#organization","name":"LaVital","url":"https:\/\/lavitalpetfood.com\/","logo":{"@type":"ImageObject","inLanguage":"en-US","@id":"https:\/\/lavitalpetfood.com\/#\/schema\/logo\/image\/","url":"https:\/\/lavitalpetfood.com\/wp-content\/uploads\/2025\/10\/Lavital-33x150-1.png","contentUrl":"https:\/\/lavitalpetfood.com\/wp-content\/uploads\/2025\/10\/Lavital-33x150-1.png","width":111,"height":33,"caption":"LaVital"},"image":{"@id":"https:\/\/lavitalpetfood.com\/#\/schema\/logo\/image\/"},"sameAs":["https:\/\/www.instagram.com\/lavitalturkiye"]}]}},"_links":{"self":[{"href":"https:\/\/lavitalpetfood.com\/en\/wp-json\/wp\/v2\/product\/5186","targetHints":{"allow":["GET"]}}],"collection":[{"href":"https:\/\/lavitalpetfood.com\/en\/wp-json\/wp\/v2\/product"}],"about":[{"href":"https:\/\/lavitalpetfood.com\/en\/wp-json\/wp\/v2\/types\/product"}],"wp:featuredmedia":[{"embeddable":true,"href":"https:\/\/lavitalpetfood.com\/en\/wp-json\/wp\/v2\/media\/4465"}],"wp:attachment":[{"href":"https:\/\/lavitalpetfood.com\/en\/wp-json\/wp\/v2\/media?parent=5186"}],"wp:term":[{"taxonomy":"product_brand","embeddable":true,"href":"https:\/\/lavitalpetfood.com\/en\/wp-json\/wp\/v2\/product_brand?post=5186"},{"taxonomy":"product_cat","embeddable":true,"href":"https:\/\/lavitalpetfood.com\/en\/wp-json\/wp\/v2\/product_cat?post=5186"},{"taxonomy":"product_tag","embeddable":true,"href":"https:\/\/lavitalpetfood.com\/en\/wp-json\/wp\/v2\/product_tag?post=5186"}],"curies":[{"name":"wp","href":"https:\/\/api.w.org\/{rel}","templated":true}]}}