{"id":5905,"date":"2026-05-08T13:34:45","date_gmt":"2026-05-08T10:34:45","guid":{"rendered":"https:\/\/lavitalpetfood.com\/?post_type=product&#038;p=5905"},"modified":"2026-05-08T13:37:13","modified_gmt":"2026-05-08T10:37:13","slug":"la-vital-dog-treat-chicken-and-cod-fish-100g","status":"publish","type":"product","link":"https:\/\/lavitalpetfood.com\/en\/urun\/lavital-kopek-odul-mamasi-tavukordek-ve-morina-balikli-100g\/","title":{"rendered":"LaVital Dog Treat Chicken, Duck, and Cod Fish 100g"},"content":{"rendered":"","protected":false},"excerpt":{"rendered":"<p><strong>100 g<\/strong><\/p>","protected":false},"featured_media":5907,"template":"","meta":{"_acf_changed":false},"product_brand":[],"product_cat":[197],"product_tag":[],"class_list":{"0":"post-5905","1":"product","2":"type-product","3":"status-publish","4":"has-post-thumbnail","6":"product_cat-kopek-odul-mamasi","8":"first","9":"instock","10":"shipping-taxable","11":"product-type-simple"},"acf":[],"yoast_head":"<!-- This site is optimized with the Yoast SEO plugin v27.6 - https:\/\/yoast.com\/product\/yoast-seo-wordpress\/ -->\n<title>LaVital K\u00f6pek \u00d6d\u00fcl Mamas\u0131 Tavuk,\u00d6rdek ve Morina Bal\u0131kl\u0131 100g - LaVital<\/title>\n<meta name=\"robots\" content=\"index, follow, max-snippet:-1, max-image-preview:large, max-video-preview:-1\" \/>\n<link rel=\"canonical\" href=\"https:\/\/lavitalpetfood.com\/en\/product\/la-vital-dog-treat-chicken-and-cod-fish-100g\/\" \/>\n<meta property=\"og:locale\" content=\"en_US\" \/>\n<meta property=\"og:type\" content=\"article\" \/>\n<meta property=\"og:title\" content=\"LaVital K\u00f6pek \u00d6d\u00fcl Mamas\u0131 Tavuk,\u00d6rdek ve Morina Bal\u0131kl\u0131 100g - LaVital\" \/>\n<meta property=\"og:description\" content=\"100 G\" \/>\n<meta property=\"og:url\" content=\"https:\/\/lavitalpetfood.com\/en\/product\/la-vital-dog-treat-chicken-and-cod-fish-100g\/\" \/>\n<meta property=\"og:site_name\" content=\"LaVital\" \/>\n<meta property=\"article:modified_time\" content=\"2026-05-08T10:37:13+00:00\" \/>\n<meta property=\"og:image\" content=\"https:\/\/lavitalpetfood.com\/wp-content\/uploads\/2026\/05\/803-100002.jpg\" \/>\n\t<meta property=\"og:image:width\" content=\"1200\" \/>\n\t<meta property=\"og:image:height\" content=\"1800\" \/>\n\t<meta property=\"og:image:type\" content=\"image\/jpeg\" \/>\n<meta name=\"twitter:card\" content=\"summary_large_image\" \/>\n<meta name=\"twitter:label1\" content=\"Est. reading time\" \/>\n\t<meta name=\"twitter:data1\" content=\"1 minute\" \/>\n<script type=\"application\/ld+json\" class=\"yoast-schema-graph\">{\"@context\":\"https:\\\/\\\/schema.org\",\"@graph\":[{\"@type\":\"WebPage\",\"@id\":\"https:\\\/\\\/lavitalpetfood.com\\\/urun\\\/lavital-kopek-odul-mamasi-tavukordek-ve-morina-balikli-100g\\\/\",\"url\":\"https:\\\/\\\/lavitalpetfood.com\\\/urun\\\/lavital-kopek-odul-mamasi-tavukordek-ve-morina-balikli-100g\\\/\",\"name\":\"LaVital K\u00f6pek \u00d6d\u00fcl Mamas\u0131 Tavuk,\u00d6rdek ve Morina Bal\u0131kl\u0131 100g - LaVital\",\"isPartOf\":{\"@id\":\"https:\\\/\\\/lavitalpetfood.com\\\/#website\"},\"primaryImageOfPage\":{\"@id\":\"https:\\\/\\\/lavitalpetfood.com\\\/urun\\\/lavital-kopek-odul-mamasi-tavukordek-ve-morina-balikli-100g\\\/#primaryimage\"},\"image\":{\"@id\":\"https:\\\/\\\/lavitalpetfood.com\\\/urun\\\/lavital-kopek-odul-mamasi-tavukordek-ve-morina-balikli-100g\\\/#primaryimage\"},\"thumbnailUrl\":\"https:\\\/\\\/lavitalpetfood.com\\\/wp-content\\\/uploads\\\/2026\\\/05\\\/803-100002.jpg\",\"datePublished\":\"2026-05-08T10:34:45+00:00\",\"dateModified\":\"2026-05-08T10:37:13+00:00\",\"breadcrumb\":{\"@id\":\"https:\\\/\\\/lavitalpetfood.com\\\/urun\\\/lavital-kopek-odul-mamasi-tavukordek-ve-morina-balikli-100g\\\/#breadcrumb\"},\"inLanguage\":\"en-US\",\"potentialAction\":[{\"@type\":\"ReadAction\",\"target\":[\"https:\\\/\\\/lavitalpetfood.com\\\/urun\\\/lavital-kopek-odul-mamasi-tavukordek-ve-morina-balikli-100g\\\/\"]}]},{\"@type\":\"ImageObject\",\"inLanguage\":\"en-US\",\"@id\":\"https:\\\/\\\/lavitalpetfood.com\\\/urun\\\/lavital-kopek-odul-mamasi-tavukordek-ve-morina-balikli-100g\\\/#primaryimage\",\"url\":\"https:\\\/\\\/lavitalpetfood.com\\\/wp-content\\\/uploads\\\/2026\\\/05\\\/803-100002.jpg\",\"contentUrl\":\"https:\\\/\\\/lavitalpetfood.com\\\/wp-content\\\/uploads\\\/2026\\\/05\\\/803-100002.jpg\",\"width\":1200,\"height\":1800},{\"@type\":\"BreadcrumbList\",\"@id\":\"https:\\\/\\\/lavitalpetfood.com\\\/urun\\\/lavital-kopek-odul-mamasi-tavukordek-ve-morina-balikli-100g\\\/#breadcrumb\",\"itemListElement\":[{\"@type\":\"ListItem\",\"position\":1,\"name\":\"Anasayfa\",\"item\":\"https:\\\/\\\/lavitalpetfood.com\\\/\"},{\"@type\":\"ListItem\",\"position\":2,\"name\":\"\u00dcr\u00fcnler\",\"item\":\"https:\\\/\\\/lavitalpetfood.com\\\/urunler\\\/\"},{\"@type\":\"ListItem\",\"position\":3,\"name\":\"LaVital K\u00f6pek \u00d6d\u00fcl Mamas\u0131 Tavuk,\u00d6rdek ve Morina Bal\u0131kl\u0131 100g\"}]},{\"@type\":\"WebSite\",\"@id\":\"https:\\\/\\\/lavitalpetfood.com\\\/#website\",\"url\":\"https:\\\/\\\/lavitalpetfood.com\\\/\",\"name\":\"LaVital\",\"description\":\"Nutrition for Lifetime\",\"publisher\":{\"@id\":\"https:\\\/\\\/lavitalpetfood.com\\\/#organization\"},\"potentialAction\":[{\"@type\":\"SearchAction\",\"target\":{\"@type\":\"EntryPoint\",\"urlTemplate\":\"https:\\\/\\\/lavitalpetfood.com\\\/?s={search_term_string}\"},\"query-input\":{\"@type\":\"PropertyValueSpecification\",\"valueRequired\":true,\"valueName\":\"search_term_string\"}}],\"inLanguage\":\"en-US\"},{\"@type\":\"Organization\",\"@id\":\"https:\\\/\\\/lavitalpetfood.com\\\/#organization\",\"name\":\"LaVital\",\"url\":\"https:\\\/\\\/lavitalpetfood.com\\\/\",\"logo\":{\"@type\":\"ImageObject\",\"inLanguage\":\"en-US\",\"@id\":\"https:\\\/\\\/lavitalpetfood.com\\\/#\\\/schema\\\/logo\\\/image\\\/\",\"url\":\"https:\\\/\\\/lavitalpetfood.com\\\/wp-content\\\/uploads\\\/2025\\\/10\\\/Lavital-33x150-1.png\",\"contentUrl\":\"https:\\\/\\\/lavitalpetfood.com\\\/wp-content\\\/uploads\\\/2025\\\/10\\\/Lavital-33x150-1.png\",\"width\":111,\"height\":33,\"caption\":\"LaVital\"},\"image\":{\"@id\":\"https:\\\/\\\/lavitalpetfood.com\\\/#\\\/schema\\\/logo\\\/image\\\/\"},\"sameAs\":[\"https:\\\/\\\/www.instagram.com\\\/lavitalturkiye\"]}]}<\/script>\n<!-- \/ Yoast SEO plugin. -->","yoast_head_json":{"title":"LaVital Dog Treat Chicken, Duck &amp; Cod 100g - LaVital","robots":{"index":"index","follow":"follow","max-snippet":"max-snippet:-1","max-image-preview":"max-image-preview:large","max-video-preview":"max-video-preview:-1"},"canonical":"https:\/\/lavitalpetfood.com\/en\/product\/la-vital-dog-treat-chicken-and-cod-fish-100g\/","og_locale":"en_US","og_type":"article","og_title":"LaVital K\u00f6pek \u00d6d\u00fcl Mamas\u0131 Tavuk,\u00d6rdek ve Morina Bal\u0131kl\u0131 100g - LaVital","og_description":"100 G","og_url":"https:\/\/lavitalpetfood.com\/en\/product\/la-vital-dog-treat-chicken-and-cod-fish-100g\/","og_site_name":"LaVital","article_modified_time":"2026-05-08T10:37:13+00:00","og_image":[{"width":1200,"height":1800,"url":"https:\/\/lavitalpetfood.com\/wp-content\/uploads\/2026\/05\/803-100002.jpg","type":"image\/jpeg"}],"twitter_card":"summary_large_image","twitter_misc":{"Est. reading time":"1 minute"},"schema":{"@context":"https:\/\/schema.org","@graph":[{"@type":"WebPage","@id":"https:\/\/lavitalpetfood.com\/urun\/lavital-kopek-odul-mamasi-tavukordek-ve-morina-balikli-100g\/","url":"https:\/\/lavitalpetfood.com\/urun\/lavital-kopek-odul-mamasi-tavukordek-ve-morina-balikli-100g\/","name":"LaVital Dog Treat Chicken, Duck &amp; Cod 100g - LaVital","isPartOf":{"@id":"https:\/\/lavitalpetfood.com\/#website"},"primaryImageOfPage":{"@id":"https:\/\/lavitalpetfood.com\/urun\/lavital-kopek-odul-mamasi-tavukordek-ve-morina-balikli-100g\/#primaryimage"},"image":{"@id":"https:\/\/lavitalpetfood.com\/urun\/lavital-kopek-odul-mamasi-tavukordek-ve-morina-balikli-100g\/#primaryimage"},"thumbnailUrl":"https:\/\/lavitalpetfood.com\/wp-content\/uploads\/2026\/05\/803-100002.jpg","datePublished":"2026-05-08T10:34:45+00:00","dateModified":"2026-05-08T10:37:13+00:00","breadcrumb":{"@id":"https:\/\/lavitalpetfood.com\/urun\/lavital-kopek-odul-mamasi-tavukordek-ve-morina-balikli-100g\/#breadcrumb"},"inLanguage":"en-US","potentialAction":[{"@type":"ReadAction","target":["https:\/\/lavitalpetfood.com\/urun\/lavital-kopek-odul-mamasi-tavukordek-ve-morina-balikli-100g\/"]}]},{"@type":"ImageObject","inLanguage":"en-US","@id":"https:\/\/lavitalpetfood.com\/urun\/lavital-kopek-odul-mamasi-tavukordek-ve-morina-balikli-100g\/#primaryimage","url":"https:\/\/lavitalpetfood.com\/wp-content\/uploads\/2026\/05\/803-100002.jpg","contentUrl":"https:\/\/lavitalpetfood.com\/wp-content\/uploads\/2026\/05\/803-100002.jpg","width":1200,"height":1800},{"@type":"BreadcrumbList","@id":"https:\/\/lavitalpetfood.com\/urun\/lavital-kopek-odul-mamasi-tavukordek-ve-morina-balikli-100g\/#breadcrumb","itemListElement":[{"@type":"ListItem","position":1,"name":"Anasayfa","item":"https:\/\/lavitalpetfood.com\/"},{"@type":"ListItem","position":2,"name":"\u00dcr\u00fcnler","item":"https:\/\/lavitalpetfood.com\/urunler\/"},{"@type":"ListItem","position":3,"name":"LaVital K\u00f6pek \u00d6d\u00fcl Mamas\u0131 Tavuk,\u00d6rdek ve Morina Bal\u0131kl\u0131 100g"}]},{"@type":"WebSite","@id":"https:\/\/lavitalpetfood.com\/#website","url":"https:\/\/lavitalpetfood.com\/","name":"LaVital","description":"Nutrition for Lifetime","publisher":{"@id":"https:\/\/lavitalpetfood.com\/#organization"},"potentialAction":[{"@type":"SearchAction","target":{"@type":"EntryPoint","urlTemplate":"https:\/\/lavitalpetfood.com\/?s={search_term_string}"},"query-input":{"@type":"PropertyValueSpecification","valueRequired":true,"valueName":"search_term_string"}}],"inLanguage":"en-US"},{"@type":"Organization","@id":"https:\/\/lavitalpetfood.com\/#organization","name":"LaVital","url":"https:\/\/lavitalpetfood.com\/","logo":{"@type":"ImageObject","inLanguage":"en-US","@id":"https:\/\/lavitalpetfood.com\/#\/schema\/logo\/image\/","url":"https:\/\/lavitalpetfood.com\/wp-content\/uploads\/2025\/10\/Lavital-33x150-1.png","contentUrl":"https:\/\/lavitalpetfood.com\/wp-content\/uploads\/2025\/10\/Lavital-33x150-1.png","width":111,"height":33,"caption":"LaVital"},"image":{"@id":"https:\/\/lavitalpetfood.com\/#\/schema\/logo\/image\/"},"sameAs":["https:\/\/www.instagram.com\/lavitalturkiye"]}]}},"_links":{"self":[{"href":"https:\/\/lavitalpetfood.com\/en\/wp-json\/wp\/v2\/product\/5905","targetHints":{"allow":["GET"]}}],"collection":[{"href":"https:\/\/lavitalpetfood.com\/en\/wp-json\/wp\/v2\/product"}],"about":[{"href":"https:\/\/lavitalpetfood.com\/en\/wp-json\/wp\/v2\/types\/product"}],"wp:featuredmedia":[{"embeddable":true,"href":"https:\/\/lavitalpetfood.com\/en\/wp-json\/wp\/v2\/media\/5907"}],"wp:attachment":[{"href":"https:\/\/lavitalpetfood.com\/en\/wp-json\/wp\/v2\/media?parent=5905"}],"wp:term":[{"taxonomy":"product_brand","embeddable":true,"href":"https:\/\/lavitalpetfood.com\/en\/wp-json\/wp\/v2\/product_brand?post=5905"},{"taxonomy":"product_cat","embeddable":true,"href":"https:\/\/lavitalpetfood.com\/en\/wp-json\/wp\/v2\/product_cat?post=5905"},{"taxonomy":"product_tag","embeddable":true,"href":"https:\/\/lavitalpetfood.com\/en\/wp-json\/wp\/v2\/product_tag?post=5905"}],"curies":[{"name":"wp","href":"https:\/\/api.w.org\/{rel}","templated":true}]}}